{"id":71,"date":"2021-08-26T12:40:14","date_gmt":"2021-08-26T12:40:14","guid":{"rendered":"https:\/\/schlawiener.org\/?page_id=71"},"modified":"2023-12-01T18:14:33","modified_gmt":"2023-12-01T18:14:33","slug":"atmen","status":"publish","type":"page","link":"https:\/\/schlawiener.org\/?page_id=71","title":{"rendered":"Atmen"},"content":{"rendered":"<div data-colibri-id=\"71-c1\" class=\"style-329 style-local-71-c1 position-relative\">\n  <!---->\n  <div data-colibri-component=\"section\" data-colibri-id=\"71-c2\" id=\"custom\" class=\"h-section h-section-global-spacing d-flex align-items-lg-center align-items-md-center align-items-center style-334 style-local-71-c2 position-relative\">\n    <!---->\n    <!---->\n    <div class=\"h-section-grid-container h-section-boxed-container\">\n      <!---->\n      <div data-colibri-id=\"71-c3\" class=\"h-row-container gutters-row-lg-2 gutters-row-md-2 gutters-row-0 gutters-row-v-lg-2 gutters-row-v-md-2 gutters-row-v-2 style-335 style-local-71-c3 position-relative\">\n        <!---->\n        <div class=\"h-row justify-content-lg-center justify-content-md-center justify-content-center align-items-lg-stretch align-items-md-stretch align-items-stretch gutters-col-lg-2 gutters-col-md-2 gutters-col-0 gutters-col-v-lg-2 gutters-col-v-md-2 gutters-col-v-2\">\n          <!---->\n          <div class=\"h-column h-column-container d-flex h-col-lg-auto h-col-md-auto h-col-auto style-336-outer style-local-71-c4-outer\">\n            <div data-colibri-id=\"71-c4\" class=\"d-flex h-flex-basis h-column__inner h-px-lg-2 h-px-md-2 h-px-2 v-inner-lg-2 v-inner-md-2 v-inner-2 style-336 style-local-71-c4 position-relative\">\n              <!---->\n              <!---->\n              <div class=\"w-100 h-y-container h-column__content h-column__v-align flex-basis-100 align-self-lg-start align-self-md-start align-self-start\">\n                <!---->\n                <div data-colibri-id=\"71-c5\" class=\"h-text h-text-component style-344 style-local-71-c5 position-relative h-element\">\n                  <!---->\n                  <!---->\n                  <div class=\"\">\n                    <p>Ich habe das Gl\u00fcck gehabt von der Wim Hoff Methode zu h\u00f6ren und lesen, <\/p>\n                    <p>und muss sagen ich bin ein Freund von einfachen Dingen die auch schnell ein sp\u00fcrbares Ergebnis bringen.<\/p>\n                    <p>Hier die Verlinkung zu meine Morgentlichen Atem Routine \u00dcbung.<\/p>\n                    <p>Probiert es aus ihr werdet Begeistert sein.<\/p>\n                    <p>\n                      <br>\n                    <\/p>\n                  <\/div>\n                <\/div>\n                <div data-colibri-id=\"71-c6\" class=\"h-x-container style-348 style-local-71-c6 position-relative h-element\">\n                  <!---->\n                  <div class=\"h-x-container-inner style-dynamic-71-c6-group style-348-spacing style-local-71-c6-spacing\"><span class=\"h-link__outer style-349-outer style-local-71-c7-outer d-inline-flex h-element\"><a h-use-smooth-scroll=\"true\" href=\"https:\/\/www.youtube.com\/watch?v=BckqffhrF1M&amp;t=\"  data-colibri-id=\"71-c7\" class=\"d-flex w-100 align-items-center h-link style-349 style-local-71-c7 position-relative\"><!----><span  class=\"h-svg-icon h-link__icon style-349-icon style-local-71-c7-icon\"><!--Icon by Font Awesome (https:\/\/fontawesome.com)-->\n    <svg version=\"1.1\" xmlns=\"http:\/\/www.w3.org\/2000\/svg\" xmlns:xlink=\"http:\/\/www.w3.org\/1999\/xlink\" id=\"heart\" viewBox=\"0 0 1792 1896.0833\">\n      <path d=\"M896 1664q-26 0-44-18l-624-602q-10-8-27.5-26T145 952.5 77 855 23.5 734 0 596q0-220 127-344t351-124q62 0 126.5 21.5t120 58T820 276t76 68q36-36 76-68t95.5-68.5 120-58T1314 128q224 0 351 124t127 344q0 221-229 450l-623 600q-18 18-44 18z\"><\/path>\n    <\/svg><\/span> <span>zur gef\u00fchrten Wim Hof  Atemtechnik<\/span><\/a>\n                    <\/span>\n                  <\/div>\n                <\/div>\n              <\/div>\n            <\/div>\n          <\/div>\n        <\/div>\n      <\/div>\n    <\/div>\n  <\/div>\n  <div data-colibri-component=\"section\" data-colibri-id=\"71-c8\" id=\"custom-2\" class=\"h-section h-section-global-spacing d-flex align-items-lg-center align-items-md-center align-items-center style-345 style-local-71-c8 position-relative\">\n    <!---->\n    <!---->\n    <div class=\"h-section-grid-container h-section-boxed-container\">\n      <!---->\n      <div data-colibri-id=\"71-c9\" class=\"h-row-container gutters-row-lg-2 gutters-row-md-2 gutters-row-0 gutters-row-v-lg-2 gutters-row-v-md-2 gutters-row-v-2 style-346 style-local-71-c9 position-relative\">\n        <!---->\n        <div class=\"h-row justify-content-lg-center justify-content-md-center justify-content-center align-items-lg-stretch align-items-md-stretch align-items-stretch gutters-col-lg-2 gutters-col-md-2 gutters-col-0 gutters-col-v-lg-2 gutters-col-v-md-2 gutters-col-v-2\">\n          <!---->\n          <div class=\"h-column h-column-container d-flex h-col-lg-auto h-col-md-auto h-col-auto style-347-outer style-local-71-c10-outer\">\n            <div data-colibri-id=\"71-c10\" class=\"d-flex h-flex-basis h-column__inner h-ui-empty-state-container h-px-lg-2 h-px-md-2 h-px-2 v-inner-lg-2 v-inner-md-2 v-inner-2 style-347 style-local-71-c10 position-relative\">\n              <!---->\n              <!---->\n              <div class=\"w-100 h-y-container h-column__content h-column__v-align flex-basis-100\">\n                <!---->\n              <\/div>\n            <\/div>\n          <\/div>\n        <\/div>\n      <\/div>\n    <\/div>\n  <\/div>\n<\/div>","protected":false},"excerpt":{"rendered":"<p>Ich habe das Gl\u00fcck gehabt von der Wim Hoff Methode zu h\u00f6ren und lesen, und muss sagen ich bin ein Freund von einfachen Dingen die auch schnell ein sp\u00fcrbares Ergebnis bringen. Hier die Verlinkung zu meine Morgentlichen Atem Routine \u00dcbung. Probiert es aus ihr werdet Begeistert sein. zur gef\u00fchrten Wim Hof Atemtechnik<\/p>\n","protected":false},"author":1,"featured_media":0,"parent":0,"menu_order":0,"comment_status":"closed","ping_status":"closed","template":"page-templates\/full-width-page.php","meta":{"footnotes":""},"class_list":["post-71","page","type-page","status-publish","hentry"],"_links":{"self":[{"href":"https:\/\/schlawiener.org\/index.php?rest_route=\/wp\/v2\/pages\/71","targetHints":{"allow":["GET"]}}],"collection":[{"href":"https:\/\/schlawiener.org\/index.php?rest_route=\/wp\/v2\/pages"}],"about":[{"href":"https:\/\/schlawiener.org\/index.php?rest_route=\/wp\/v2\/types\/page"}],"author":[{"embeddable":true,"href":"https:\/\/schlawiener.org\/index.php?rest_route=\/wp\/v2\/users\/1"}],"replies":[{"embeddable":true,"href":"https:\/\/schlawiener.org\/index.php?rest_route=%2Fwp%2Fv2%2Fcomments&post=71"}],"version-history":[{"count":4,"href":"https:\/\/schlawiener.org\/index.php?rest_route=\/wp\/v2\/pages\/71\/revisions"}],"predecessor-version":[{"id":415,"href":"https:\/\/schlawiener.org\/index.php?rest_route=\/wp\/v2\/pages\/71\/revisions\/415"}],"wp:attachment":[{"href":"https:\/\/schlawiener.org\/index.php?rest_route=%2Fwp%2Fv2%2Fmedia&parent=71"}],"curies":[{"name":"wp","href":"https:\/\/api.w.org\/{rel}","templated":true}]}}